{"id":622,"date":"2020-04-28T10:47:34","date_gmt":"2020-04-28T08:47:34","guid":{"rendered":"http:\/\/www.bonottopackaging.com\/?page_id=622"},"modified":"2020-11-18T10:07:38","modified_gmt":"2020-11-18T09:07:38","slug":"controllo-saldatura-confezioni","status":"publish","type":"page","link":"https:\/\/www.bonottopackaging.com\/it\/problematiche-di-packaging\/controllo-saldatura-confezioni\/","title":{"rendered":"Controllo Saldatura Confezioni (Leak Detector)"},"content":{"rendered":"<div class=\"banner-3 banner-3__ banner-3__fullscreen\" style=\"background-image: url(https:\/\/www.bonottopackaging.com\/wp-content\/uploads\/2020\/05\/VACUM-25_00029-1-1320x990.jpg)\"><\/div>\r\n\r\n<div class=\"section extra-padded\" style=\"background-color: #FFF;\">\r\n<div class=\"container\">\r\n<div class=\"content-14 \">\n                    <div class=\"content-14__container container\"><div class=\"content-14__content\"><p>LA QUALIT\u00c0 DEL PACKAGING \u00c8 FONDAMENTALE; ECCO COME NOI E I NOSTRI CLIENTI LA TESTIAMO<\/p><p>Un produttore di capsule per macchine da caff\u00e8 espresso, aveva necessit\u00e0 di controllare la qualit\u00e0 delle saldature nelle capsule di caff\u00e8 di loro produzione.<\/p>\r\n<p>Bonotto Packaging ha fornito la sua <strong>macchina per il test dei prodotti in immersione<\/strong> BP-VAC25 soddisfando pienamente le aspettative del cliente.<\/p>\r\n<p>La macchina consiste in una vasca piena d\u2019acqua dove viene immersa la confezione e tolta l\u2019aria per aumentare la pressione interna del prodotto e quindi rivelare eventuali perdite nelle saldature che si manifestano sotto forma di bollicine di aria che escono dalla confezione nei punti aperti.<\/p><\/div><\/div><\/div><br><br><br>\r\n<p align=\"middle\"><iframe loading=\"lazy\" width=\"100%\" height=\"600\" src=\"https:\/\/www.youtube.com\/embed\/Lt3Yc_mXGeo?rel=0\" frameborder=\"0\" allow=\"accelerometer; autoplay; encrypted-media; gyroscope; picture-in-picture\" allowfullscreen><\/iframe><\/p>\r\n<\/div>\r\n\r\n<\/div>\r\n\r\n<div class=\"container gallery-1__container\"><div class=\"gallery-1 \"><div class=\"gallery-1__item\">\n\t\t\t\t    \t\t\t\t<div class=\"gallery-1__image\" responsive-background-image><img decoding=\"async\" src=\"https:\/\/www.bonottopackaging.com\/wp-content\/uploads\/2020\/05\/VACUM-25_1.jpg\" srcset=\"https:\/\/www.bonottopackaging.com\/wp-content\/uploads\/2020\/05\/VACUM-25_1.jpg 1920w,https:\/\/www.bonottopackaging.com\/wp-content\/uploads\/2020\/05\/VACUM-25_1.jpg 1320w,https:\/\/www.bonottopackaging.com\/wp-content\/uploads\/2020\/05\/VACUM-25_1.jpg 992w,https:\/\/www.bonottopackaging.com\/wp-content\/uploads\/2020\/05\/VACUM-25_1.jpg 768w,https:\/\/www.bonottopackaging.com\/wp-content\/uploads\/2020\/05\/VACUM-25_1-480x150.jpg 480w\" id=\"resp-bg-img\"><\/div><\/div><div class=\"gallery-1__item\">\n\t\t\t\t    \t\t\t\t<div class=\"gallery-1__image\" responsive-background-image><img decoding=\"async\" src=\"https:\/\/www.bonottopackaging.com\/wp-content\/uploads\/2020\/05\/VACUM-25_2.jpg\" srcset=\"https:\/\/www.bonottopackaging.com\/wp-content\/uploads\/2020\/05\/VACUM-25_2.jpg 1920w,https:\/\/www.bonottopackaging.com\/wp-content\/uploads\/2020\/05\/VACUM-25_2.jpg 1320w,https:\/\/www.bonottopackaging.com\/wp-content\/uploads\/2020\/05\/VACUM-25_2.jpg 992w,https:\/\/www.bonottopackaging.com\/wp-content\/uploads\/2020\/05\/VACUM-25_2.jpg 768w,https:\/\/www.bonottopackaging.com\/wp-content\/uploads\/2020\/05\/VACUM-25_2-480x150.jpg 480w\" id=\"resp-bg-img\"><\/div><\/div><\/div>\n\t\t    \t\t\t<div class=\"gallery-1__actions\">\n\t\t    \t\t\t\t<div class=\"gallery-1__arrow gallery-1__arrow--prev\">\n\t\t    \t\t\t\t\t<svg width=\"100%\" height=\"100%\" viewBox=\"0 0 22 14\" version=\"1.1\" xmlns=\"http:\/\/www.w3.org\/2000\/svg\" xmlns:xlink=\"http:\/\/www.w3.org\/1999\/xlink\" xml:space=\"preserve\" xmlns:serif=\"http:\/\/www.serif.com\/\" style=\"fill-rule:evenodd;clip-rule:evenodd;\"><g><path d=\"M21.554,6.921l-20.703,0\" style=\"fill:none;stroke:#707070;stroke-width:1px;\"\/><path d=\"M7.388,13.459l-6.677,-6.583l6.677,-6.517\" style=\"fill:none;stroke:#707070;stroke-width:1px;\"\/><\/g><\/svg>\n\t\t    \t\t\t\t<\/div>\n\t\t    \t\t\t\t<div class=\"gallery-1__arrow gallery-1__arrow--next\">\n\t\t    \t\t\t\t\t<svg width=\"100%\" height=\"100%\" viewBox=\"0 0 22 14\" version=\"1.1\" xmlns=\"http:\/\/www.w3.org\/2000\/svg\" xmlns:xlink=\"http:\/\/www.w3.org\/1999\/xlink\" xml:space=\"preserve\" xmlns:serif=\"http:\/\/www.serif.com\/\" style=\"fill-rule:evenodd;clip-rule:evenodd;\"><g><path d=\"M21.554,6.921l-20.703,0\" style=\"fill:none;stroke:#707070;stroke-width:1px;\"\/><path d=\"M7.388,13.459l-6.677,-6.583l6.677,-6.517\" style=\"fill:none;stroke:#707070;stroke-width:1px;\"\/><\/g><\/svg>\n\t\t    \t\t\t\t<\/div>\n\t\t    \t\t\t<\/div>\n\t\t    \t\t<\/div>\r\n\r\n<div class=\"cta-3 \">\n\t    \t\t\t\t<div class=\"container cta-3__container\">\n\t    \t\t\t\t\t<div class=\"cta-3__content\">\n\t    \t\t\t\t\t\t<h3 class=\"cta-3__title\">Richiedi informazioni<\/h3>\n\t    \t\t\t\t\t\t<div class=\"cta-3__text\"><p>Bonotto Packaging Technologies \u00e8 sempre disponibile a confrontarsi per maggiori informazioni<\/p><\/div>\n\t    \t\t\t\t\t<\/div>\n\t    \t\t\t\t\t<div class=\"cta-3__actions\">\n\t    \t\t\t\t\t\t<a href=\"https:\/\/www.bonottopackaging.com\/it\/contatti\/\" class=\"cta-3__button\">Scrivici<\/a>\n\t    \t\t\t\t\t<\/div>\n\t    \t\t\t\t<\/div>\n\t    \t\t\t<\/div>\r\n\r\n<div class=\"grey-home-section\">\r\n<div class=\"container content-11__container\">\r\n<div class=\"intro-4 intro-4__no-padding-top\"><h4 class=\"intro-4__subtitle\">CONTATTI<\/h4><div class=\"intro-4__content\"><div class=\"intro-4__title\"><h3>Siamo qui<\/h3><\/div><div class=\"intro-4__text\"><p> Bonotto Packaging Technologies \u00e8 il punto di riferimento per le aziende che cercano un partner esperto e specializzato nella produzione di macchinari e linee automatiche di confezionamento per l\u2019imballaggio di hardware, fasteners, componentistica e tanto altro. <\/p><\/div><\/div>\n                    <\/div>\r\n\r\n<div class=\"intro-4 intro-4__no-padding-top\"><div class=\"intro-4__content\"><div class=\"intro-4__title\"><p>Bonotto Packaging Technologies Srl<\/p>\r\n<p>Sede legale: Via Luigi dalla Via, 5\/D - Schio (VI)<\/p>\r\n<p>Sede operativa: Via delle prese, 4 - Santorso (VI) <\/p>\r\n<p>ITALIA<\/p><\/div><div class=\"intro-4__text\"><p>T. +39 0445 1716892<\/p>\r\n<p>EMAIL <a href=\"mailto:info@bonottopt.com\">info@bonottopt.com<\/a><\/p>\r\n<p>PEC <a href=\"mailto:bonottopackaging@pec.it\">bonottopackaging@pec.it<\/a><\/p><br>\r\n<p>REA: VI-416128<\/p>\r\n<p>C.f. e P.iva 04599080241<\/p>\r\n<p>Cap. Soc. euro 10.000,00 i.v.<\/p><br>\r\n<p><a href=\"https:\/\/www.iubenda.com\/privacy-policy\/48560495\" target=\"_blank\">Privacy Policy<\/a> \u2022 <a href=\"http:\/\/www.bonottopackaging.com\/it\/cookie-policy-eu\/\">Cookies Policy<\/a><\/p>\r\n<\/div><\/div>\n                    <\/div>\r\n\r\n<\/div>\r\n<\/div>","protected":false},"excerpt":{"rendered":"","protected":false},"author":1,"featured_media":653,"parent":16,"menu_order":4,"comment_status":"closed","ping_status":"closed","template":"","meta":{"footnotes":""},"class_list":["post-622","page","type-page","status-publish","has-post-thumbnail","hentry"],"_links":{"self":[{"href":"https:\/\/www.bonottopackaging.com\/it\/wp-json\/wp\/v2\/pages\/622","targetHints":{"allow":["GET"]}}],"collection":[{"href":"https:\/\/www.bonottopackaging.com\/it\/wp-json\/wp\/v2\/pages"}],"about":[{"href":"https:\/\/www.bonottopackaging.com\/it\/wp-json\/wp\/v2\/types\/page"}],"author":[{"embeddable":true,"href":"https:\/\/www.bonottopackaging.com\/it\/wp-json\/wp\/v2\/users\/1"}],"replies":[{"embeddable":true,"href":"https:\/\/www.bonottopackaging.com\/it\/wp-json\/wp\/v2\/comments?post=622"}],"version-history":[{"count":19,"href":"https:\/\/www.bonottopackaging.com\/it\/wp-json\/wp\/v2\/pages\/622\/revisions"}],"predecessor-version":[{"id":953,"href":"https:\/\/www.bonottopackaging.com\/it\/wp-json\/wp\/v2\/pages\/622\/revisions\/953"}],"up":[{"embeddable":true,"href":"https:\/\/www.bonottopackaging.com\/it\/wp-json\/wp\/v2\/pages\/16"}],"wp:featuredmedia":[{"embeddable":true,"href":"https:\/\/www.bonottopackaging.com\/it\/wp-json\/wp\/v2\/media\/653"}],"wp:attachment":[{"href":"https:\/\/www.bonottopackaging.com\/it\/wp-json\/wp\/v2\/media?parent=622"}],"curies":[{"name":"wp","href":"https:\/\/api.w.org\/{rel}","templated":true}]}}