{"id":248,"date":"2019-02-08T11:30:09","date_gmt":"2019-02-08T10:30:09","guid":{"rendered":"http:\/\/www.bonottopackaging.com\/?page_id=248"},"modified":"2026-03-26T17:13:16","modified_gmt":"2026-03-26T16:13:16","slug":"tutto","status":"publish","type":"page","link":"https:\/\/www.bonottopackaging.com\/it\/problematiche-di-packaging\/tutto\/","title":{"rendered":"Tutti"},"content":{"rendered":"<div class=\"banner-3 banner-3__ banner-3__light\" style=\"background-image: url(https:\/\/www.bonottopackaging.com\/wp-content\/uploads\/2019\/02\/home__references-1320x880.jpg)\"><div class=\"container banner-3__container\"><h1 class=\"banner-3__title\">Casi<\/h1>\r\n<p>Le soluzioni pi\u00f9 apprezzate dai clienti con oltre 45 anni di esperienza<\/p>\r\n<\/div><\/div>\r\n\r\n<div class=\"subpages-cta-12\"><a href=\"https:\/\/www.bonottopackaging.com\/it\/problematiche-di-packaging\/viteria-bulloneria\/\" class=\"subpages-cta-12__item\">\n                                    <div class=\"subpages-cta-12__image\">\n                                        <div class=\"subpages-cta-12__image-overlay\"><\/div>\n                                        <div class=\"subpages-cta-12__zoom-image\" responsive-background-image><img decoding=\"async\" src=\"https:\/\/www.bonottopackaging.com\/wp-content\/uploads\/2020\/05\/IMG_1020.jpg\" srcset=\"https:\/\/www.bonottopackaging.com\/wp-content\/uploads\/2020\/05\/IMG_1020.jpg 1920w,https:\/\/www.bonottopackaging.com\/wp-content\/uploads\/2020\/05\/IMG_1020.jpg 1320w,https:\/\/www.bonottopackaging.com\/wp-content\/uploads\/2020\/05\/IMG_1020.jpg 992w,https:\/\/www.bonottopackaging.com\/wp-content\/uploads\/2020\/05\/IMG_1020.jpg 768w,https:\/\/www.bonottopackaging.com\/wp-content\/uploads\/2020\/05\/IMG_1020-480x150.jpg 480w\" id=\"resp-bg-img\"><\/div>\n                                    <\/div>\n                                    <div class=\"subpages-cta-12__right\">\n                                        <div class=\"subpages-cta-12__content\">\n                                            <h3 class=\"subpages-cta-12__title\">Viteria e Bulloneria<\/h3>\n                                            <p class=\"subpages-cta-12__text\">Un importante gruppo statunitense, produttori di viterie, bullonerie, piccoli utensili e accessori per il fai-da-te, si \u00e8 rivolto a Bonotto Packaging per la realizzazione di una linea di confezionamento completamente automatica. La linea realizzata comprende la <strong>pesatura e il dosaggio di viti e bulloni di dimensioni varie e il confezionamento in scatole formate.<\/strong><\/p>\n                                        <\/div>\n                                        <div class=\"subpages-cta-12__cta\">\n                                            <div class=\"subpages-cta-12__button\">\n                                                <svg width=\"100%\" height=\"100%\" viewBox=\"0 0 40 40\" version=\"1.1\" xmlns=\"http:\/\/www.w3.org\/2000\/svg\" xmlns:xlink=\"http:\/\/www.w3.org\/1999\/xlink\" xml:space=\"preserve\" xmlns:serif=\"http:\/\/www.serif.com\/\" style=\"fill-rule:evenodd;clip-rule:evenodd;stroke-linejoin:round;stroke-miterlimit:1.41421;\"><path d=\"M0,22.822l0,-6.317l16.393,0l0,-16.505l6.429,0l0,16.505l16.392,0l0,6.317l-16.392,0l0,16.468l-6.429,0l0,-16.468l-16.393,0Z\" style=\"fill:#fff;fill-rule:nonzero;\"\/><\/svg>\n                                            <\/div>\n                                        <\/div>\n                                    <\/div>\n                                <\/a><a href=\"https:\/\/www.bonottopackaging.com\/it\/problematiche-di-packaging\/controllo-saldatura-confezioni\/\" class=\"subpages-cta-12__item subpages-cta-12__alternate\">\n                                    <div class=\"subpages-cta-12__image\">\n                                        <div class=\"subpages-cta-12__image-overlay\"><\/div>\n                                        <div class=\"subpages-cta-12__zoom-image\" responsive-background-image><img decoding=\"async\" src=\"https:\/\/www.bonottopackaging.com\/wp-content\/uploads\/2020\/05\/VACUM-25_00029-1.jpg\" srcset=\"https:\/\/www.bonottopackaging.com\/wp-content\/uploads\/2020\/05\/VACUM-25_00029-1.jpg 1920w,https:\/\/www.bonottopackaging.com\/wp-content\/uploads\/2020\/05\/VACUM-25_00029-1.jpg 1320w,https:\/\/www.bonottopackaging.com\/wp-content\/uploads\/2020\/05\/VACUM-25_00029-1.jpg 992w,https:\/\/www.bonottopackaging.com\/wp-content\/uploads\/2020\/05\/VACUM-25_00029-1.jpg 768w,https:\/\/www.bonottopackaging.com\/wp-content\/uploads\/2020\/05\/VACUM-25_00029-1-480x150.jpg 480w\" id=\"resp-bg-img\"><\/div>\n                                    <\/div>\n                                    <div class=\"subpages-cta-12__right\">\n                                        <div class=\"subpages-cta-12__content\">\n                                            <h3 class=\"subpages-cta-12__title\">Controllo Saldatura Confezioni (Leak Detector)<\/h3>\n                                            <p class=\"subpages-cta-12__text\">Un produttore di capsule per macchina da caff\u00e8 espresso, aveva necessit\u00e0 di controllare la qualit\u00e0 delle saldature nelle capsule di caff\u00e8 di loro produzione. Bonotto Packaging ha fornito la sua <strong>macchina per il test dei prodotti in immersione.<\/strong><\/p>\n                                        <\/div>\n                                        <div class=\"subpages-cta-12__cta\">\n                                            <div class=\"subpages-cta-12__button\">\n                                                <svg width=\"100%\" height=\"100%\" viewBox=\"0 0 40 40\" version=\"1.1\" xmlns=\"http:\/\/www.w3.org\/2000\/svg\" xmlns:xlink=\"http:\/\/www.w3.org\/1999\/xlink\" xml:space=\"preserve\" xmlns:serif=\"http:\/\/www.serif.com\/\" style=\"fill-rule:evenodd;clip-rule:evenodd;stroke-linejoin:round;stroke-miterlimit:1.41421;\"><path d=\"M0,22.822l0,-6.317l16.393,0l0,-16.505l6.429,0l0,16.505l16.392,0l0,6.317l-16.392,0l0,16.468l-6.429,0l0,-16.468l-16.393,0Z\" style=\"fill:#fff;fill-rule:nonzero;\"\/><\/svg>\n                                            <\/div>\n                                        <\/div>\n                                    <\/div>\n                                <\/a><a href=\"https:\/\/www.bonottopackaging.com\/it\/problematiche-di-packaging\/cuscinetti-a-sfera\/\" class=\"subpages-cta-12__item\">\n                                    <div class=\"subpages-cta-12__image\">\n                                        <div class=\"subpages-cta-12__image-overlay\"><\/div>\n                                        <div class=\"subpages-cta-12__zoom-image\" responsive-background-image><img decoding=\"async\" src=\"https:\/\/www.bonottopackaging.com\/wp-content\/uploads\/2020\/05\/IMG_0984.jpg\" srcset=\"https:\/\/www.bonottopackaging.com\/wp-content\/uploads\/2020\/05\/IMG_0984.jpg 1920w,https:\/\/www.bonottopackaging.com\/wp-content\/uploads\/2020\/05\/IMG_0984.jpg 1320w,https:\/\/www.bonottopackaging.com\/wp-content\/uploads\/2020\/05\/IMG_0984.jpg 992w,https:\/\/www.bonottopackaging.com\/wp-content\/uploads\/2020\/05\/IMG_0984.jpg 768w,https:\/\/www.bonottopackaging.com\/wp-content\/uploads\/2020\/05\/IMG_0984-480x150.jpg 480w\" id=\"resp-bg-img\"><\/div>\n                                    <\/div>\n                                    <div class=\"subpages-cta-12__right\">\n                                        <div class=\"subpages-cta-12__content\">\n                                            <h3 class=\"subpages-cta-12__title\">Cuscinetti a Sfera<\/h3>\n                                            <p class=\"subpages-cta-12__text\">Un leader internazionale nella produzione di cuscinetti a sfera ha incaricato Bonotto Packaging di sviluppare un sistema di confezionamento del prodotto che preveda l\u2019utilizzo di <strong>sacchetti ad alta tenuta flow pack.<\/strong><\/p>\n                                        <\/div>\n                                        <div class=\"subpages-cta-12__cta\">\n                                            <div class=\"subpages-cta-12__button\">\n                                                <svg width=\"100%\" height=\"100%\" viewBox=\"0 0 40 40\" version=\"1.1\" xmlns=\"http:\/\/www.w3.org\/2000\/svg\" xmlns:xlink=\"http:\/\/www.w3.org\/1999\/xlink\" xml:space=\"preserve\" xmlns:serif=\"http:\/\/www.serif.com\/\" style=\"fill-rule:evenodd;clip-rule:evenodd;stroke-linejoin:round;stroke-miterlimit:1.41421;\"><path d=\"M0,22.822l0,-6.317l16.393,0l0,-16.505l6.429,0l0,16.505l16.392,0l0,6.317l-16.392,0l0,16.468l-6.429,0l0,-16.468l-16.393,0Z\" style=\"fill:#fff;fill-rule:nonzero;\"\/><\/svg>\n                                            <\/div>\n                                        <\/div>\n                                    <\/div>\n                                <\/a><a href=\"https:\/\/www.bonottopackaging.com\/it\/problematiche-di-packaging\/sistemi-di-fissaggio\/\" class=\"subpages-cta-12__item subpages-cta-12__alternate\">\n                                    <div class=\"subpages-cta-12__image\">\n                                        <div class=\"subpages-cta-12__image-overlay\"><\/div>\n                                        <div class=\"subpages-cta-12__zoom-image\" responsive-background-image><img decoding=\"async\" src=\"https:\/\/www.bonottopackaging.com\/wp-content\/uploads\/2019\/09\/caso-1__intro.jpg\" srcset=\"https:\/\/www.bonottopackaging.com\/wp-content\/uploads\/2019\/09\/caso-1__intro.jpg 1920w,https:\/\/www.bonottopackaging.com\/wp-content\/uploads\/2019\/09\/caso-1__intro.jpg 1320w,https:\/\/www.bonottopackaging.com\/wp-content\/uploads\/2019\/09\/caso-1__intro.jpg 992w,https:\/\/www.bonottopackaging.com\/wp-content\/uploads\/2019\/09\/caso-1__intro.jpg 768w,https:\/\/www.bonottopackaging.com\/wp-content\/uploads\/2019\/09\/caso-1__intro.jpg 480w\" id=\"resp-bg-img\"><\/div>\n                                    <\/div>\n                                    <div class=\"subpages-cta-12__right\">\n                                        <div class=\"subpages-cta-12__content\">\n                                            <h3 class=\"subpages-cta-12__title\">Sistemi di Fissaggio<\/h3>\n                                            <p class=\"subpages-cta-12__text\">Bonotto Packaging \u00e8 stata contattata da una ditta che opera nel settore automobilistico per realizzare un <strong>impianto automatico che provvede alla pesatura, al conteggio e al confezionamento di viti, chiodi in scatola orientati e bulloni.<\/strong><\/p>\n                                        <\/div>\n                                        <div class=\"subpages-cta-12__cta\">\n                                            <div class=\"subpages-cta-12__button\">\n                                                <svg width=\"100%\" height=\"100%\" viewBox=\"0 0 40 40\" version=\"1.1\" xmlns=\"http:\/\/www.w3.org\/2000\/svg\" xmlns:xlink=\"http:\/\/www.w3.org\/1999\/xlink\" xml:space=\"preserve\" xmlns:serif=\"http:\/\/www.serif.com\/\" style=\"fill-rule:evenodd;clip-rule:evenodd;stroke-linejoin:round;stroke-miterlimit:1.41421;\"><path d=\"M0,22.822l0,-6.317l16.393,0l0,-16.505l6.429,0l0,16.505l16.392,0l0,6.317l-16.392,0l0,16.468l-6.429,0l0,-16.468l-16.393,0Z\" style=\"fill:#fff;fill-rule:nonzero;\"\/><\/svg>\n                                            <\/div>\n                                        <\/div>\n                                    <\/div>\n                                <\/a><a href=\"https:\/\/www.bonottopackaging.com\/it\/problematiche-di-packaging\/kit-packaging\/\" class=\"subpages-cta-12__item\">\n                                    <div class=\"subpages-cta-12__image\">\n                                        <div class=\"subpages-cta-12__image-overlay\"><\/div>\n                                        <div class=\"subpages-cta-12__zoom-image\" responsive-background-image><img decoding=\"async\" src=\"https:\/\/www.bonottopackaging.com\/wp-content\/uploads\/2020\/05\/IMG_0019.jpg\" srcset=\"https:\/\/www.bonottopackaging.com\/wp-content\/uploads\/2020\/05\/IMG_0019.jpg 1920w,https:\/\/www.bonottopackaging.com\/wp-content\/uploads\/2020\/05\/IMG_0019.jpg 1320w,https:\/\/www.bonottopackaging.com\/wp-content\/uploads\/2020\/05\/IMG_0019.jpg 992w,https:\/\/www.bonottopackaging.com\/wp-content\/uploads\/2020\/05\/IMG_0019.jpg 768w,https:\/\/www.bonottopackaging.com\/wp-content\/uploads\/2020\/05\/IMG_0019-480x150.jpg 480w\" id=\"resp-bg-img\"><\/div>\n                                    <\/div>\n                                    <div class=\"subpages-cta-12__right\">\n                                        <div class=\"subpages-cta-12__content\">\n                                            <h3 class=\"subpages-cta-12__title\">Kit Packaging<\/h3>\n                                            <p class=\"subpages-cta-12__text\">Un importante gruppo internazionale, produttore di componenti per mobilia, ha incaricato la Bonotto Packaging di fornire alcune <strong>linee automatiche di conteggio e confezionamento di minuterie metalliche in kit <\/strong>per mobili da assemblaggio fai-da-te.<\/p>\n                                        <\/div>\n                                        <div class=\"subpages-cta-12__cta\">\n                                            <div class=\"subpages-cta-12__button\">\n                                                <svg width=\"100%\" height=\"100%\" viewBox=\"0 0 40 40\" version=\"1.1\" xmlns=\"http:\/\/www.w3.org\/2000\/svg\" xmlns:xlink=\"http:\/\/www.w3.org\/1999\/xlink\" xml:space=\"preserve\" xmlns:serif=\"http:\/\/www.serif.com\/\" style=\"fill-rule:evenodd;clip-rule:evenodd;stroke-linejoin:round;stroke-miterlimit:1.41421;\"><path d=\"M0,22.822l0,-6.317l16.393,0l0,-16.505l6.429,0l0,16.505l16.392,0l0,6.317l-16.392,0l0,16.468l-6.429,0l0,-16.468l-16.393,0Z\" style=\"fill:#fff;fill-rule:nonzero;\"\/><\/svg>\n                                            <\/div>\n                                        <\/div>\n                                    <\/div>\n                                <\/a><\/div>\r\n\r\n<div class=\"hero-5 \">\n\t    \t\t\t\t<div class=\"container hero-5__container\">\n\t    \t\t\t\t\t<h3 class=\"hero-5__title\">Da oltre 50 anni<br\/>sviluppiamo soluzioni<br\/>innovative.<\/h3>\n\t    \t\t\t\t<\/div>\n\t    \t\t\t<\/div>\r\n\r\n<div class=\"grey-home-section\">\r\n<div class=\"container content-11__container\">\r\n<div class=\"intro-4 intro-4__no-padding-top\"><h4 class=\"intro-4__subtitle\">CONTATTI<\/h4><div class=\"intro-4__content\"><div class=\"intro-4__title\"><h3>Siamo qui<\/h3><\/div><div class=\"intro-4__text\"><p> Bonotto Packaging Technologies \u00e8 il punto di riferimento per le aziende che cercano un partner esperto e specializzato nella produzione di macchinari e linee automatiche di confezionamento per l\u2019imballaggio di hardware, fasteners, componentistica e tanto altro. <\/p><\/div><\/div>\n                    <\/div>\r\n\r\n<div class=\"intro-4 intro-4__no-padding-top\"><div class=\"intro-4__content\"><div class=\"intro-4__title\"><p>Bonotto Packaging Technologies Srl<\/p>\r\n<p>Sede legale: Via Luigi dalla Via, 5\/D - Schio (VI)<\/p>\r\n<p>Sede operativa: Via delle prese, 4 - Santorso (VI) <\/p>\r\n<p>ITALIA<\/p><\/div><div class=\"intro-4__text\"><p>T. +39 0445 1716892<\/p>\r\n<p>EMAIL <a href=\"mailto:info@bonottopt.com\">info@bonottopt.com<\/a><\/p>\r\n<p>PEC <a href=\"mailto:bonottopackaging@pec.it\">bonottopackaging@pec.it<\/a><\/p><br>\r\n<p>REA: VI-416128<\/p>\r\n<p>C.f. e P.iva 04599080241<\/p>\r\n<p>Cap. Soc. euro 10.000,00 i.v.<\/p><br>\r\n<p><a href=\"https:\/\/www.iubenda.com\/privacy-policy\/48560495\" target=\"_blank\">Privacy Policy<\/a> \u2022 <a href=\"http:\/\/www.bonottopackaging.com\/it\/cookie-policy-eu\/\">Cookies Policy<\/a><\/p>\r\n<\/div><\/div>\n                    <\/div>\r\n\r\n<\/div>\r\n<\/div>","protected":false},"excerpt":{"rendered":"","protected":false},"author":1,"featured_media":205,"parent":16,"menu_order":0,"comment_status":"closed","ping_status":"closed","template":"","meta":{"footnotes":""},"class_list":["post-248","page","type-page","status-publish","has-post-thumbnail","hentry"],"_links":{"self":[{"href":"https:\/\/www.bonottopackaging.com\/it\/wp-json\/wp\/v2\/pages\/248","targetHints":{"allow":["GET"]}}],"collection":[{"href":"https:\/\/www.bonottopackaging.com\/it\/wp-json\/wp\/v2\/pages"}],"about":[{"href":"https:\/\/www.bonottopackaging.com\/it\/wp-json\/wp\/v2\/types\/page"}],"author":[{"embeddable":true,"href":"https:\/\/www.bonottopackaging.com\/it\/wp-json\/wp\/v2\/users\/1"}],"replies":[{"embeddable":true,"href":"https:\/\/www.bonottopackaging.com\/it\/wp-json\/wp\/v2\/comments?post=248"}],"version-history":[{"count":16,"href":"https:\/\/www.bonottopackaging.com\/it\/wp-json\/wp\/v2\/pages\/248\/revisions"}],"predecessor-version":[{"id":1120,"href":"https:\/\/www.bonottopackaging.com\/it\/wp-json\/wp\/v2\/pages\/248\/revisions\/1120"}],"up":[{"embeddable":true,"href":"https:\/\/www.bonottopackaging.com\/it\/wp-json\/wp\/v2\/pages\/16"}],"wp:featuredmedia":[{"embeddable":true,"href":"https:\/\/www.bonottopackaging.com\/it\/wp-json\/wp\/v2\/media\/205"}],"wp:attachment":[{"href":"https:\/\/www.bonottopackaging.com\/it\/wp-json\/wp\/v2\/media?parent=248"}],"curies":[{"name":"wp","href":"https:\/\/api.w.org\/{rel}","templated":true}]}}