{"id":18,"date":"2019-01-05T15:41:39","date_gmt":"2019-01-05T14:41:39","guid":{"rendered":"http:\/\/www.bonottopackaging.com\/?page_id=18"},"modified":"2020-04-30T18:19:13","modified_gmt":"2020-04-30T16:19:13","slug":"news","status":"publish","type":"page","link":"https:\/\/www.bonottopackaging.com\/it\/news\/","title":{"rendered":"News"},"content":{"rendered":"<div class=\"banner-3 banner-3__ \" style=\"background-image: url()\"><div class=\"container banner-3__container\"><h1 class=\"banner-3__title\">News<\/h1><\/div><\/div>\r\n\r\n<div class=\"post-type-archive-1\"><div class=\"container post-type-archive-1__container\"><div class=\"post-type-archive-1__item\">\n\t\t\t\t\t\t\t\t<a href=\"https:\/\/www.bonottopackaging.com\/it\/zero-waste-week-che-cose\/\" class=\"post-type-archive-1__image\" responsive-background-image><img decoding=\"async\" src=\"https:\/\/www.bonottopackaging.com\/wp-content\/uploads\/2019\/01\/zero-waste.jpeg\" srcset=\"https:\/\/www.bonottopackaging.com\/wp-content\/uploads\/2019\/01\/zero-waste.jpeg 1920w,https:\/\/www.bonottopackaging.com\/wp-content\/uploads\/2019\/01\/zero-waste.jpeg 1320w,https:\/\/www.bonottopackaging.com\/wp-content\/uploads\/2019\/01\/zero-waste.jpeg 992w,https:\/\/www.bonottopackaging.com\/wp-content\/uploads\/2019\/01\/zero-waste.jpeg 768w,https:\/\/www.bonottopackaging.com\/wp-content\/uploads\/2019\/01\/zero-waste.jpeg 480w\" id=\"resp-bg-img\"><\/a>\n\t\t\t\t\t\t\t\t<div class=\"post-type-archive-1__content\">\n\t\t\t\t\t\t\t\t\t<a href=\"https:\/\/www.bonottopackaging.com\/it\/zero-waste-week-che-cose\/\">\n\t\t\t    \t\t\t\t\t\t<h3 class=\"post-type-archive-1__title\">Zero Waste Week: che cos&#8217;\u00e8?<\/h3>\n\t\t\t    \t\t\t\t\t<\/a>\n\t\t\t    \t\t\t\t\t<p class=\"post-type-archive-1__text\">Se hai mai desiderato fare di pi\u00f9 per aiutare l&#8217;ambiente ma non sei sicuro da dove cominciare, questa settimana potrebbe essere un buon punto di partenza, dato che \u00e8 la settimana dei rifiuti zero. Questa \u00e8 una settimana durante la quale molte persone cercano di ridurre la quantit\u00e0 di cibo e oggetti domestici che gettano [&hellip;]<\/p>\n\t\t\t    \t\t\t\t\t<a href=\"https:\/\/www.bonottopackaging.com\/it\/zero-waste-week-che-cose\/\" class=\"post-type-archive-1__button-wrapper\">\n\t\t\t    \t\t\t\t\t\t<div class=\"post-type-archive-1__button\">\n\t\t\t\t\t\t\t\t\t\t<svg width=\"100%\" height=\"100%\" viewBox=\"0 0 28 28\" version=\"1.1\" xmlns=\"http:\/\/www.w3.org\/2000\/svg\" xmlns:xlink=\"http:\/\/www.w3.org\/1999\/xlink\" xml:space=\"preserve\" xmlns:serif=\"http:\/\/www.serif.com\/\" style=\"fill-rule:evenodd;clip-rule:evenodd;stroke-linejoin:round;stroke-miterlimit:1.41421;\"><path d=\"M12,28l0,-12l-12,0l0,-4l12,0l0,-12l4,0l0,12l12,0l0,4l-12,0l0,12l-4,0Z\" style=\"fill:#747070;fill-rule:nonzero;\"><\/path><\/svg>\n\t\t\t\t\t\t\t\t\t\t<\/div>\n\t\t\t\t\t\t\t\t\t\t<div class=\"post-type-archive-1__button-label\">Read<br\/>More<\/div>\n\t\t\t    \t\t\t\t\t<\/a>\n\t\t\t\t\t\t\t\t<\/div><\/div><div class=\"post-type-archive-1__item\">\n\t\t\t\t\t\t\t\t<a href=\"https:\/\/www.bonottopackaging.com\/it\/il-tuo-prodotto-e-realmente-e-correttamente-sigillato\/\" class=\"post-type-archive-1__image\" responsive-background-image><img decoding=\"async\" src=\"https:\/\/www.bonottopackaging.com\/wp-content\/uploads\/2019\/01\/leak-detector.jpg\" srcset=\"https:\/\/www.bonottopackaging.com\/wp-content\/uploads\/2019\/01\/leak-detector.jpg 1920w,https:\/\/www.bonottopackaging.com\/wp-content\/uploads\/2019\/01\/leak-detector.jpg 1320w,https:\/\/www.bonottopackaging.com\/wp-content\/uploads\/2019\/01\/leak-detector.jpg 992w,https:\/\/www.bonottopackaging.com\/wp-content\/uploads\/2019\/01\/leak-detector.jpg 768w,https:\/\/www.bonottopackaging.com\/wp-content\/uploads\/2019\/01\/leak-detector.jpg 480w\" id=\"resp-bg-img\"><\/a>\n\t\t\t\t\t\t\t\t<div class=\"post-type-archive-1__content\">\n\t\t\t\t\t\t\t\t\t<a href=\"https:\/\/www.bonottopackaging.com\/it\/il-tuo-prodotto-e-realmente-e-correttamente-sigillato\/\">\n\t\t\t    \t\t\t\t\t\t<h3 class=\"post-type-archive-1__title\">Il tuo prodotto \u00e8 realmente e correttamente sigillato?<\/h3>\n\t\t\t    \t\t\t\t\t<\/a>\n\t\t\t    \t\t\t\t\t<p class=\"post-type-archive-1__text\">SCOPRILO CON IL NOSTRO NUOVO DISPOSITIVO: BP-VAC 25 \u2013 Vasca prova tenuta stagna Il tuo prodotto definisce la tua attivit\u00e0 e devi sapere se offri un prodotto di qualit\u00e0: verifica l&#8217;integrit\u00e0 della sigillatura del tuo pacchetto con la nostra BP-VAC25. Questo dispositivo BP-VAC25 \u00e8 in grado di rilevare anche la minima perdita nel pacchetto. Baster\u00e0 [&hellip;]<\/p>\n\t\t\t    \t\t\t\t\t<a href=\"https:\/\/www.bonottopackaging.com\/it\/il-tuo-prodotto-e-realmente-e-correttamente-sigillato\/\" class=\"post-type-archive-1__button-wrapper\">\n\t\t\t    \t\t\t\t\t\t<div class=\"post-type-archive-1__button\">\n\t\t\t\t\t\t\t\t\t\t<svg width=\"100%\" height=\"100%\" viewBox=\"0 0 28 28\" version=\"1.1\" xmlns=\"http:\/\/www.w3.org\/2000\/svg\" xmlns:xlink=\"http:\/\/www.w3.org\/1999\/xlink\" xml:space=\"preserve\" xmlns:serif=\"http:\/\/www.serif.com\/\" style=\"fill-rule:evenodd;clip-rule:evenodd;stroke-linejoin:round;stroke-miterlimit:1.41421;\"><path d=\"M12,28l0,-12l-12,0l0,-4l12,0l0,-12l4,0l0,12l12,0l0,4l-12,0l0,12l-4,0Z\" style=\"fill:#747070;fill-rule:nonzero;\"><\/path><\/svg>\n\t\t\t\t\t\t\t\t\t\t<\/div>\n\t\t\t\t\t\t\t\t\t\t<div class=\"post-type-archive-1__button-label\">Read<br\/>More<\/div>\n\t\t\t    \t\t\t\t\t<\/a>\n\t\t\t\t\t\t\t\t<\/div><\/div><div class=\"post-type-archive-1__item\">\n\t\t\t\t\t\t\t\t<a href=\"https:\/\/www.bonottopackaging.com\/it\/fiera-wire-dusseldorf\/\" class=\"post-type-archive-1__image\" responsive-background-image><img decoding=\"async\" src=\"https:\/\/www.bonottopackaging.com\/wp-content\/uploads\/2019\/01\/wire.jpg\" srcset=\"https:\/\/www.bonottopackaging.com\/wp-content\/uploads\/2019\/01\/wire.jpg 1920w,https:\/\/www.bonottopackaging.com\/wp-content\/uploads\/2019\/01\/wire.jpg 1320w,https:\/\/www.bonottopackaging.com\/wp-content\/uploads\/2019\/01\/wire.jpg 992w,https:\/\/www.bonottopackaging.com\/wp-content\/uploads\/2019\/01\/wire.jpg 768w,https:\/\/www.bonottopackaging.com\/wp-content\/uploads\/2019\/01\/wire.jpg 480w\" id=\"resp-bg-img\"><\/a>\n\t\t\t\t\t\t\t\t<div class=\"post-type-archive-1__content\">\n\t\t\t\t\t\t\t\t\t<a href=\"https:\/\/www.bonottopackaging.com\/it\/fiera-wire-dusseldorf\/\">\n\t\t\t    \t\t\t\t\t\t<h3 class=\"post-type-archive-1__title\">Fiera Wire D\u00fcsseldorf<\/h3>\n\t\t\t    \t\t\t\t\t<\/a>\n\t\t\t    \t\t\t\t\t<p class=\"post-type-archive-1__text\">FIERA WIRE D\u00dcSSELDORF: 30 MARZO \u2013 03 APRILE 2020 Vieni a trovarci alla fiera pi\u00f9 importante del mondo per l&#8217;industria dei cav. La nuova fiera per gli elementi di fissaggio. Alla prossima WIRE, ci sar\u00e0 una prima mondiale spettacolare. La fiera sta ora espandendo il suo portafoglio per includere dei prodotti finiti. Per la prima [&hellip;]<\/p>\n\t\t\t    \t\t\t\t\t<a href=\"https:\/\/www.bonottopackaging.com\/it\/fiera-wire-dusseldorf\/\" class=\"post-type-archive-1__button-wrapper\">\n\t\t\t    \t\t\t\t\t\t<div class=\"post-type-archive-1__button\">\n\t\t\t\t\t\t\t\t\t\t<svg width=\"100%\" height=\"100%\" viewBox=\"0 0 28 28\" version=\"1.1\" xmlns=\"http:\/\/www.w3.org\/2000\/svg\" xmlns:xlink=\"http:\/\/www.w3.org\/1999\/xlink\" xml:space=\"preserve\" xmlns:serif=\"http:\/\/www.serif.com\/\" style=\"fill-rule:evenodd;clip-rule:evenodd;stroke-linejoin:round;stroke-miterlimit:1.41421;\"><path d=\"M12,28l0,-12l-12,0l0,-4l12,0l0,-12l4,0l0,12l12,0l0,4l-12,0l0,12l-4,0Z\" style=\"fill:#747070;fill-rule:nonzero;\"><\/path><\/svg>\n\t\t\t\t\t\t\t\t\t\t<\/div>\n\t\t\t\t\t\t\t\t\t\t<div class=\"post-type-archive-1__button-label\">Read<br\/>More<\/div>\n\t\t\t    \t\t\t\t\t<\/a>\n\t\t\t\t\t\t\t\t<\/div><\/div><\/div><\/div>","protected":false},"excerpt":{"rendered":"","protected":false},"author":1,"featured_media":0,"parent":0,"menu_order":4,"comment_status":"closed","ping_status":"closed","template":"","meta":{"footnotes":""},"class_list":["post-18","page","type-page","status-publish","hentry"],"_links":{"self":[{"href":"https:\/\/www.bonottopackaging.com\/it\/wp-json\/wp\/v2\/pages\/18","targetHints":{"allow":["GET"]}}],"collection":[{"href":"https:\/\/www.bonottopackaging.com\/it\/wp-json\/wp\/v2\/pages"}],"about":[{"href":"https:\/\/www.bonottopackaging.com\/it\/wp-json\/wp\/v2\/types\/page"}],"author":[{"embeddable":true,"href":"https:\/\/www.bonottopackaging.com\/it\/wp-json\/wp\/v2\/users\/1"}],"replies":[{"embeddable":true,"href":"https:\/\/www.bonottopackaging.com\/it\/wp-json\/wp\/v2\/comments?post=18"}],"version-history":[{"count":15,"href":"https:\/\/www.bonottopackaging.com\/it\/wp-json\/wp\/v2\/pages\/18\/revisions"}],"predecessor-version":[{"id":274,"href":"https:\/\/www.bonottopackaging.com\/it\/wp-json\/wp\/v2\/pages\/18\/revisions\/274"}],"wp:attachment":[{"href":"https:\/\/www.bonottopackaging.com\/it\/wp-json\/wp\/v2\/media?parent=18"}],"curies":[{"name":"wp","href":"https:\/\/api.w.org\/{rel}","templated":true}]}}